{"id":2,"date":"2024-01-27T21:32:37","date_gmt":"2024-01-27T21:32:37","guid":{"rendered":"http:\/\/davidpravia.es\/?page_id=2"},"modified":"2024-02-02T08:35:12","modified_gmt":"2024-02-02T08:35:12","slug":"pagina-ejemplo","status":"publish","type":"page","link":"https:\/\/davidpravia.es\/?page_id=2","title":{"rendered":"Qui\u00e9n soy"},"content":{"rendered":"\n<p>Estudi\u00e9 Historia en la Universidad de Oviedo pero mi labor profesional viene desarroll\u00e1ndose en el \u00e1mbito de la comunicaci\u00f3n. En RPA desempe\u00f1\u00e9 tareas de producci\u00f3n y redacci\u00f3n en el magac\u00edn en asturiano <strong><em>\u201cSentir Asturies\u201d<\/em><\/strong> y tambi\u00e9n en la serie <strong><em>\u00abAsturies 81:21, la hora de l\u2019autonom\u00eda\u00bb<\/em><\/strong>, que conmemora los 40 a\u00f1os de la aprobaci\u00f3n de Estatuto de Autonom\u00eda. Tambi\u00e9n soy colaborador habitual del morning show <strong><em>\u00abDesayuno con liantes\u00bb<\/em><\/strong> de la radio auton\u00f3mica. En la televisi\u00f3n fui responsable de la producci\u00f3n del documental <strong><em>\u201cNo se dice ye, se dice es. Represi\u00f3n lling\u00fc\u00edstica n\u2019Asturies del franquismu\u201d<\/em><\/strong>, coproducido por TPA.<\/p>\n\n\n\n<p>En el \u00e1mbito del podcasting ahond\u00e9 en mi formaci\u00f3n con el curso de <strong><em>\u201cPodcast narrativo\u201d<\/em><\/strong> de la Escuela de Periodismo de El Pa\u00eds lo que me sirvi\u00f3 para conseguir el primer premio en la categor\u00eda de documental sonoro de no ficci\u00f3n del primer concurso de podcasts convocado por RTPA con <strong><em>\u201cLo qu\u2019escuenden los gochos\u201d<\/em><\/strong>. En este campo soy coautor del podcast <strong><em>\u201cUn silencio enterrado\u201d<\/em><\/strong>, la primera producci\u00f3n de <strong>Otonoberu narraci\u00f3n sonora<\/strong>, una peque\u00f1a aventura de creaci\u00f3n de podcasts y documentales sonoros desde Asturias de la que soy cofundador junto a la periodista Patricia Mart\u00ednez.<\/p>\n\n\n\n<p>En el \u00e1mbito social, adem\u00e1s de la reivindicaci\u00f3n ling\u00fc\u00edstica y cultural, soy uno de los impulsores de las exhumaciones de fosas comunes realizadas en Asturias en los \u00faltimos a\u00f1os como portavoz de la Asociaci\u00f3n para la Recuperaci\u00f3n de la Memoria Hist\u00f3rica (ARMH) en Asturias.<\/p>\n","protected":false},"excerpt":{"rendered":"<p>Estudi\u00e9 Historia en la Universidad de Oviedo pero mi labor profesional viene desarroll\u00e1ndose en el \u00e1mbito de la comunicaci\u00f3n. En RPA desempe\u00f1\u00e9 tareas de producci\u00f3n y redacci\u00f3n en el magac\u00edn en asturiano \u201cSentir Asturies\u201d y tambi\u00e9n en la serie \u00abAsturies 81:21, la hora de l\u2019autonom\u00eda\u00bb, que conmemora los 40 a\u00f1os de la aprobaci\u00f3n de Estatuto de Autonom\u00eda. Tambi\u00e9n soy colaborador habitual del morning show \u00abDesayuno con liantes\u00bb de la radio auton\u00f3mica. En la televisi\u00f3n fui responsable de la producci\u00f3n del&hellip;<\/p>\n","protected":false},"author":1,"featured_media":0,"parent":0,"menu_order":0,"comment_status":"closed","ping_status":"open","template":"","meta":{"footnotes":""},"class_list":["post-2","page","type-page","status-publish","hentry"],"_links":{"self":[{"href":"https:\/\/davidpravia.es\/index.php?rest_route=\/wp\/v2\/pages\/2","targetHints":{"allow":["GET"]}}],"collection":[{"href":"https:\/\/davidpravia.es\/index.php?rest_route=\/wp\/v2\/pages"}],"about":[{"href":"https:\/\/davidpravia.es\/index.php?rest_route=\/wp\/v2\/types\/page"}],"author":[{"embeddable":true,"href":"https:\/\/davidpravia.es\/index.php?rest_route=\/wp\/v2\/users\/1"}],"replies":[{"embeddable":true,"href":"https:\/\/davidpravia.es\/index.php?rest_route=%2Fwp%2Fv2%2Fcomments&post=2"}],"version-history":[{"count":2,"href":"https:\/\/davidpravia.es\/index.php?rest_route=\/wp\/v2\/pages\/2\/revisions"}],"predecessor-version":[{"id":17,"href":"https:\/\/davidpravia.es\/index.php?rest_route=\/wp\/v2\/pages\/2\/revisions\/17"}],"wp:attachment":[{"href":"https:\/\/davidpravia.es\/index.php?rest_route=%2Fwp%2Fv2%2Fmedia&parent=2"}],"curies":[{"name":"wp","href":"https:\/\/api.w.org\/{rel}","templated":true}]}}